{"id":3586,"date":"2018-02-05T11:01:50","date_gmt":"2018-02-05T10:01:50","guid":{"rendered":"https:\/\/dev.yolanda.es\/legal-information\/"},"modified":"2018-02-22T13:36:58","modified_gmt":"2018-02-22T12:36:58","slug":"mentions-legales","status":"publish","type":"page","link":"https:\/\/www.yolanda.es\/fr\/mentions-legales\/","title":{"rendered":"Mentions L\u00e9gales"},"content":{"rendered":"<p>Mentions L\u00e9gales: LOPD et LSSI<br \/>\nConform\u00e9ment \u00e0 la Loi Organique 15\/1999 du 13 d\u00e9cembre, de la Protection des Donn\u00e9es Personnelles (LOPD) et de la Loi des Services de l\u2019Information, Industrias L\u00f3pez Caballero S.A. propri\u00e9taire du site web dont l\u2019adresse Internet est www.yolanda.es, communique \u00e0 ses usagers et abonn\u00e9s que les donn\u00e9es personnelles qu\u2019ils nous transmettent par le biais de formulaires de registre entrent dans notre fichier informatique enregistr\u00e9 \u00e0 l\u2019Agence de Protection des Donn\u00e9es.<\/p>\n<p>Ces informations personnelles permettent d\u2019identifier le profil professionel et les int\u00e9r\u00eats de chaque usager afin de personnaliser le service qui lui est propos\u00e9. Ainsi, et conform\u00e9ment \u00e0 ce qu\u2019\u00e9tablit la LOPD cit\u00e9e pr\u00e9c\u00e9demment, en remplissant ces formulaires il est demand\u00e9 aux usagers leur consentement pour conserver leurs donn\u00e9es personnelles et continuer \u00e0 les traiter dans le but de pouvoir leur envoyer nos publications \u00e9lectroniques gratuites, les informer des nouveaut\u00e9s et leur offrir nos produits et nos services qui pourraient les in\u00e9resser. Cependant, si certains usagers ne souhaitent pas que nous conservions ou traitions leurs donn\u00e9es personnelles, ils peuvent nous contacter pour exercer leurs droits d\u2019acc\u00e9s, de rectification, d\u2019opposition et m\u00eame de suppression de ces donn\u00e9es personnelles. Pour se faire, ils peuvent s\u2019adresser \u00e0:<\/p>\n<p><strong>Industrias L\u00f3pez Caballero S.A.<\/strong><\/p>\n<p>Apdo. 94 &#8211; Recreative, 1. 30100 Espinardo (Murcia) &#8211; Spain.<br \/>\nTlf.: +34 968 832 062 \/ +34 968 830 229 &#8211; FAX: +34 968 835 664.<br \/>\nyolanda@yolanda.es<\/p>\n<p>Enfin, nous souhaitons signaler que les donn\u00e9es personnelles dans notre fichier sont trait\u00e9es en accord aux exigences l\u00e9gales impos\u00e9es par la Loi, conserv\u00e9es par des mesures de s\u00e9curit\u00e9 qui garantissent la confidentialit\u00e9 de ces derni\u00e8res conform\u00e9ment au Real Decreto 994\/1999 du 11 juin, dans lequel sont \u00e9tablies les \u00ab Mesures de s\u00e9curit\u00e9 des fichiers informatiques qui contiennent des donn\u00e9es personnelles \u00bb.<\/p>\n","protected":false},"excerpt":{"rendered":"<p>Mentions L\u00e9gales: LOPD et LSSI Conform\u00e9ment \u00e0 la Loi Organique 15\/1999 du 13 d\u00e9cembre, de la Protection des Donn\u00e9es Personnelles (LOPD) et de la Loi des<span class=\"excerpt-hellip\"> [\u2026]<\/span><\/p>\n","protected":false},"author":1,"featured_media":0,"parent":0,"menu_order":0,"comment_status":"closed","ping_status":"closed","template":"","meta":[],"yoast_head":"<!-- This site is optimized with the Yoast SEO Premium plugin v20.2.1 (Yoast SEO v20.11) - https:\/\/yoast.com\/wordpress\/plugins\/seo\/ -->\n<title>Mentions L\u00e9gales | Yolanda<\/title>\n<meta name=\"robots\" content=\"index, follow, max-snippet:-1, max-image-preview:large, max-video-preview:-1\" \/>\n<link rel=\"canonical\" href=\"https:\/\/www.yolanda.es\/fr\/mentions-legales\/\" \/>\n<meta property=\"og:locale\" content=\"fr_FR\" \/>\n<meta property=\"og:type\" content=\"article\" \/>\n<meta property=\"og:title\" content=\"Mentions L\u00e9gales\" \/>\n<meta property=\"og:description\" content=\"Mentions L\u00e9gales: LOPD et LSSI Conform\u00e9ment \u00e0 la Loi Organique 15\/1999 du 13 d\u00e9cembre, de la Protection des Donn\u00e9es Personnelles (LOPD) et de la Loi des [\u2026]\" \/>\n<meta property=\"og:url\" content=\"https:\/\/www.yolanda.es\/fr\/mentions-legales\/\" \/>\n<meta property=\"og:site_name\" content=\"Yolanda\" \/>\n<meta property=\"article:publisher\" content=\"http:\/\/www.facebook.com\/www.yolanda.es\" \/>\n<meta property=\"article:modified_time\" content=\"2018-02-22T12:36:58+00:00\" \/>\n<meta name=\"twitter:card\" content=\"summary_large_image\" \/>\n<meta name=\"twitter:site\" content=\"@YolandaCocina\" \/>\n<meta name=\"twitter:label1\" content=\"Dur\u00e9e de lecture estim\u00e9e\" \/>\n\t<meta name=\"twitter:data1\" content=\"2 minutes\" \/>\n<script type=\"application\/ld+json\" class=\"yoast-schema-graph\">{\"@context\":\"https:\/\/schema.org\",\"@graph\":[{\"@type\":\"WebPage\",\"@id\":\"https:\/\/www.yolanda.es\/fr\/mentions-legales\/\",\"url\":\"https:\/\/www.yolanda.es\/fr\/mentions-legales\/\",\"name\":\"Mentions L\u00e9gales | Yolanda\",\"isPartOf\":{\"@id\":\"https:\/\/www.yolanda.es\/fr\/#website\"},\"datePublished\":\"2018-02-05T10:01:50+00:00\",\"dateModified\":\"2018-02-22T12:36:58+00:00\",\"breadcrumb\":{\"@id\":\"https:\/\/www.yolanda.es\/fr\/mentions-legales\/#breadcrumb\"},\"inLanguage\":\"fr-FR\",\"potentialAction\":[{\"@type\":\"ReadAction\",\"target\":[\"https:\/\/www.yolanda.es\/fr\/mentions-legales\/\"]}]},{\"@type\":\"BreadcrumbList\",\"@id\":\"https:\/\/www.yolanda.es\/fr\/mentions-legales\/#breadcrumb\",\"itemListElement\":[{\"@type\":\"ListItem\",\"position\":1,\"name\":\"Portada\",\"item\":\"https:\/\/www.yolanda.es\/fr\/accueil\/\"},{\"@type\":\"ListItem\",\"position\":2,\"name\":\"Mentions L\u00e9gales\"}]},{\"@type\":\"WebSite\",\"@id\":\"https:\/\/www.yolanda.es\/fr\/#website\",\"url\":\"https:\/\/www.yolanda.es\/fr\/\",\"name\":\"Yolanda\",\"description\":\"Para rebozar sin huevo y reposter\u00eda es \u00fanica\",\"publisher\":{\"@id\":\"https:\/\/www.yolanda.es\/fr\/#organization\"},\"potentialAction\":[{\"@type\":\"SearchAction\",\"target\":{\"@type\":\"EntryPoint\",\"urlTemplate\":\"https:\/\/www.yolanda.es\/fr\/?s={search_term_string}\"},\"query-input\":\"required name=search_term_string\"}],\"inLanguage\":\"fr-FR\"},{\"@type\":\"Organization\",\"@id\":\"https:\/\/www.yolanda.es\/fr\/#organization\",\"name\":\"Yolanda\",\"url\":\"https:\/\/www.yolanda.es\/fr\/\",\"logo\":{\"@type\":\"ImageObject\",\"inLanguage\":\"fr-FR\",\"@id\":\"https:\/\/www.yolanda.es\/fr\/#\/schema\/logo\/image\/\",\"url\":\"https:\/\/www.yolanda.es\/wp-content\/uploads\/2018\/05\/logo-footer.png\",\"contentUrl\":\"https:\/\/www.yolanda.es\/wp-content\/uploads\/2018\/05\/logo-footer.png\",\"width\":179,\"height\":187,\"caption\":\"Yolanda\"},\"image\":{\"@id\":\"https:\/\/www.yolanda.es\/fr\/#\/schema\/logo\/image\/\"},\"sameAs\":[\"http:\/\/www.facebook.com\/www.yolanda.es\",\"https:\/\/twitter.com\/YolandaCocina\"]}]}<\/script>\n<!-- \/ Yoast SEO Premium plugin. -->","yoast_head_json":{"title":"Mentions L\u00e9gales | Yolanda","robots":{"index":"index","follow":"follow","max-snippet":"max-snippet:-1","max-image-preview":"max-image-preview:large","max-video-preview":"max-video-preview:-1"},"canonical":"https:\/\/www.yolanda.es\/fr\/mentions-legales\/","og_locale":"fr_FR","og_type":"article","og_title":"Mentions L\u00e9gales","og_description":"Mentions L\u00e9gales: LOPD et LSSI Conform\u00e9ment \u00e0 la Loi Organique 15\/1999 du 13 d\u00e9cembre, de la Protection des Donn\u00e9es Personnelles (LOPD) et de la Loi des [\u2026]","og_url":"https:\/\/www.yolanda.es\/fr\/mentions-legales\/","og_site_name":"Yolanda","article_publisher":"http:\/\/www.facebook.com\/www.yolanda.es","article_modified_time":"2018-02-22T12:36:58+00:00","twitter_card":"summary_large_image","twitter_site":"@YolandaCocina","twitter_misc":{"Dur\u00e9e de lecture estim\u00e9e":"2 minutes"},"schema":{"@context":"https:\/\/schema.org","@graph":[{"@type":"WebPage","@id":"https:\/\/www.yolanda.es\/fr\/mentions-legales\/","url":"https:\/\/www.yolanda.es\/fr\/mentions-legales\/","name":"Mentions L\u00e9gales | Yolanda","isPartOf":{"@id":"https:\/\/www.yolanda.es\/fr\/#website"},"datePublished":"2018-02-05T10:01:50+00:00","dateModified":"2018-02-22T12:36:58+00:00","breadcrumb":{"@id":"https:\/\/www.yolanda.es\/fr\/mentions-legales\/#breadcrumb"},"inLanguage":"fr-FR","potentialAction":[{"@type":"ReadAction","target":["https:\/\/www.yolanda.es\/fr\/mentions-legales\/"]}]},{"@type":"BreadcrumbList","@id":"https:\/\/www.yolanda.es\/fr\/mentions-legales\/#breadcrumb","itemListElement":[{"@type":"ListItem","position":1,"name":"Portada","item":"https:\/\/www.yolanda.es\/fr\/accueil\/"},{"@type":"ListItem","position":2,"name":"Mentions L\u00e9gales"}]},{"@type":"WebSite","@id":"https:\/\/www.yolanda.es\/fr\/#website","url":"https:\/\/www.yolanda.es\/fr\/","name":"Yolanda","description":"Para rebozar sin huevo y reposter\u00eda es \u00fanica","publisher":{"@id":"https:\/\/www.yolanda.es\/fr\/#organization"},"potentialAction":[{"@type":"SearchAction","target":{"@type":"EntryPoint","urlTemplate":"https:\/\/www.yolanda.es\/fr\/?s={search_term_string}"},"query-input":"required name=search_term_string"}],"inLanguage":"fr-FR"},{"@type":"Organization","@id":"https:\/\/www.yolanda.es\/fr\/#organization","name":"Yolanda","url":"https:\/\/www.yolanda.es\/fr\/","logo":{"@type":"ImageObject","inLanguage":"fr-FR","@id":"https:\/\/www.yolanda.es\/fr\/#\/schema\/logo\/image\/","url":"https:\/\/www.yolanda.es\/wp-content\/uploads\/2018\/05\/logo-footer.png","contentUrl":"https:\/\/www.yolanda.es\/wp-content\/uploads\/2018\/05\/logo-footer.png","width":179,"height":187,"caption":"Yolanda"},"image":{"@id":"https:\/\/www.yolanda.es\/fr\/#\/schema\/logo\/image\/"},"sameAs":["http:\/\/www.facebook.com\/www.yolanda.es","https:\/\/twitter.com\/YolandaCocina"]}]}},"_links":{"self":[{"href":"https:\/\/www.yolanda.es\/fr\/wp-json\/wp\/v2\/pages\/3586"}],"collection":[{"href":"https:\/\/www.yolanda.es\/fr\/wp-json\/wp\/v2\/pages"}],"about":[{"href":"https:\/\/www.yolanda.es\/fr\/wp-json\/wp\/v2\/types\/page"}],"author":[{"embeddable":true,"href":"https:\/\/www.yolanda.es\/fr\/wp-json\/wp\/v2\/users\/1"}],"replies":[{"embeddable":true,"href":"https:\/\/www.yolanda.es\/fr\/wp-json\/wp\/v2\/comments?post=3586"}],"version-history":[{"count":0,"href":"https:\/\/www.yolanda.es\/fr\/wp-json\/wp\/v2\/pages\/3586\/revisions"}],"wp:attachment":[{"href":"https:\/\/www.yolanda.es\/fr\/wp-json\/wp\/v2\/media?parent=3586"}],"curies":[{"name":"wp","href":"https:\/\/api.w.org\/{rel}","templated":true}]}}