{"id":3594,"date":"2018-02-22T13:59:58","date_gmt":"2018-02-22T12:59:58","guid":{"rendered":"https:\/\/dev.yolanda.es\/?page_id=3594"},"modified":"2021-09-17T18:40:39","modified_gmt":"2021-09-17T17:40:39","slug":"politique-de-qualite","status":"publish","type":"page","link":"https:\/\/www.yolanda.es\/fr\/politique-de-qualite\/","title":{"rendered":"Politique de qualit\u00e9"},"content":{"rendered":"<p>La direcci\u00f3n de INDUSTRIAS L\u00d3PEZ CABALLERO, S.A., tiene como objetivo prioritario mantener y aumentar su primac\u00eda en el sector de harinas preparadas ofreciendo para ello calidad, econom\u00eda y servicio a sus clientes.<\/p>\n<p>Se considera por tanto, que la adopci\u00f3n del sistema de gesti\u00f3n de la calidad fundamentado en la mejora continua, es un elemento esencial para obtener esa situaci\u00f3n. El alcance del sistema de calidad, es el dise\u00f1o y la producci\u00f3n de preparados alimenticios (mixes) de harina de trigo.<\/p>\n<p>Este compromiso queda reflejado en los siguientes principios:<\/p>\n<ul>\n<li>Objetivo principal: La satisfacci\u00f3n de nuestros clientes.<br \/>\nCon este proposito, se inculca en todo momento al personal de la empresa que lo m\u00e1s importante para el buen funcionamiento de la empresa es el servicio al cliente.<\/li>\n<li>*Para ello, los procesos internos deben estar sometidos a una mejora continua, intentando siempre mejorarlos y hacerlos m\u00e1s eficientes.<\/li>\n<li>*Establecimiento de objetivos sometidos a revisi\u00f3n enmarcados en la pol\u00edtica de mejora continua de la organizaci\u00f3n. De esta forma, controlamos que la mejora continua sea una realidad patente en la empresa.<\/li>\n<li>Industrias L\u00f3pez Caballero, S.A., se compromete a cumplir los requisitos tanto de nuestros clientes, como legales y reglamentarios, en todos los sentidos, tanto en lo que compete al propio producto fabricado, como a las instalaciones en las que tiene lugar su fabricaci\u00f3n.<\/li>\n<li>La aplicaci\u00f3n y seguimiento de estos principios se basa en el compromiso de todos los integrantes de nuestra empresa, y de esta forma, todos firman el comunicado del compromiso de calidad, con lo que certifican su total predisposici\u00f3n a hacer de la empresa un ejemplo de calidad.<\/li>\n<\/ul>\n<p>La direcci\u00f3n de INDUSTRIAS L\u00d3PEZ CABALLERO, S.A., se compromete a dotar, dentro de lo posible, de los medios t\u00e9cnicos y humanos necesarios para alcanzar los objetivos establecidos.<\/p>\n","protected":false},"excerpt":{"rendered":"<p>La direcci\u00f3n de INDUSTRIAS L\u00d3PEZ CABALLERO, S.A., tiene como objetivo prioritario mantener y aumentar su primac\u00eda en el sector de harinas preparadas ofreciendo para ello calidad,<span class=\"excerpt-hellip\"> [\u2026]<\/span><\/p>\n","protected":false},"author":1,"featured_media":0,"parent":0,"menu_order":0,"comment_status":"closed","ping_status":"closed","template":"","meta":[],"yoast_head":"<!-- This site is optimized with the Yoast SEO Premium plugin v20.2.1 (Yoast SEO v20.11) - https:\/\/yoast.com\/wordpress\/plugins\/seo\/ -->\n<title>Politique de qualit\u00e9 | Yolanda<\/title>\n<meta name=\"robots\" content=\"index, follow, max-snippet:-1, max-image-preview:large, max-video-preview:-1\" \/>\n<link rel=\"canonical\" href=\"https:\/\/www.yolanda.es\/fr\/politique-de-qualite\/\" \/>\n<meta property=\"og:locale\" content=\"fr_FR\" \/>\n<meta property=\"og:type\" content=\"article\" \/>\n<meta property=\"og:title\" content=\"Politique de qualit\u00e9\" \/>\n<meta property=\"og:description\" content=\"La direcci\u00f3n de INDUSTRIAS L\u00d3PEZ CABALLERO, S.A., tiene como objetivo prioritario mantener y aumentar su primac\u00eda en el sector de harinas preparadas ofreciendo para ello calidad, [\u2026]\" \/>\n<meta property=\"og:url\" content=\"https:\/\/www.yolanda.es\/fr\/politique-de-qualite\/\" \/>\n<meta property=\"og:site_name\" content=\"Yolanda\" \/>\n<meta property=\"article:publisher\" content=\"http:\/\/www.facebook.com\/www.yolanda.es\" \/>\n<meta property=\"article:modified_time\" content=\"2021-09-17T17:40:39+00:00\" \/>\n<meta name=\"twitter:card\" content=\"summary_large_image\" \/>\n<meta name=\"twitter:site\" content=\"@YolandaCocina\" \/>\n<meta name=\"twitter:label1\" content=\"Dur\u00e9e de lecture estim\u00e9e\" \/>\n\t<meta name=\"twitter:data1\" content=\"2 minutes\" \/>\n<script type=\"application\/ld+json\" class=\"yoast-schema-graph\">{\"@context\":\"https:\/\/schema.org\",\"@graph\":[{\"@type\":\"WebPage\",\"@id\":\"https:\/\/www.yolanda.es\/fr\/politique-de-qualite\/\",\"url\":\"https:\/\/www.yolanda.es\/fr\/politique-de-qualite\/\",\"name\":\"Politique de qualit\u00e9 | Yolanda\",\"isPartOf\":{\"@id\":\"https:\/\/www.yolanda.es\/fr\/#website\"},\"datePublished\":\"2018-02-22T12:59:58+00:00\",\"dateModified\":\"2021-09-17T17:40:39+00:00\",\"breadcrumb\":{\"@id\":\"https:\/\/www.yolanda.es\/fr\/politique-de-qualite\/#breadcrumb\"},\"inLanguage\":\"fr-FR\",\"potentialAction\":[{\"@type\":\"ReadAction\",\"target\":[\"https:\/\/www.yolanda.es\/fr\/politique-de-qualite\/\"]}]},{\"@type\":\"BreadcrumbList\",\"@id\":\"https:\/\/www.yolanda.es\/fr\/politique-de-qualite\/#breadcrumb\",\"itemListElement\":[{\"@type\":\"ListItem\",\"position\":1,\"name\":\"Portada\",\"item\":\"https:\/\/www.yolanda.es\/fr\/accueil\/\"},{\"@type\":\"ListItem\",\"position\":2,\"name\":\"Politique de qualit\u00e9\"}]},{\"@type\":\"WebSite\",\"@id\":\"https:\/\/www.yolanda.es\/fr\/#website\",\"url\":\"https:\/\/www.yolanda.es\/fr\/\",\"name\":\"Yolanda\",\"description\":\"Para rebozar sin huevo y reposter\u00eda es \u00fanica\",\"publisher\":{\"@id\":\"https:\/\/www.yolanda.es\/fr\/#organization\"},\"potentialAction\":[{\"@type\":\"SearchAction\",\"target\":{\"@type\":\"EntryPoint\",\"urlTemplate\":\"https:\/\/www.yolanda.es\/fr\/?s={search_term_string}\"},\"query-input\":\"required name=search_term_string\"}],\"inLanguage\":\"fr-FR\"},{\"@type\":\"Organization\",\"@id\":\"https:\/\/www.yolanda.es\/fr\/#organization\",\"name\":\"Yolanda\",\"url\":\"https:\/\/www.yolanda.es\/fr\/\",\"logo\":{\"@type\":\"ImageObject\",\"inLanguage\":\"fr-FR\",\"@id\":\"https:\/\/www.yolanda.es\/fr\/#\/schema\/logo\/image\/\",\"url\":\"https:\/\/www.yolanda.es\/wp-content\/uploads\/2018\/05\/logo-footer.png\",\"contentUrl\":\"https:\/\/www.yolanda.es\/wp-content\/uploads\/2018\/05\/logo-footer.png\",\"width\":179,\"height\":187,\"caption\":\"Yolanda\"},\"image\":{\"@id\":\"https:\/\/www.yolanda.es\/fr\/#\/schema\/logo\/image\/\"},\"sameAs\":[\"http:\/\/www.facebook.com\/www.yolanda.es\",\"https:\/\/twitter.com\/YolandaCocina\"]}]}<\/script>\n<!-- \/ Yoast SEO Premium plugin. -->","yoast_head_json":{"title":"Politique de qualit\u00e9 | Yolanda","robots":{"index":"index","follow":"follow","max-snippet":"max-snippet:-1","max-image-preview":"max-image-preview:large","max-video-preview":"max-video-preview:-1"},"canonical":"https:\/\/www.yolanda.es\/fr\/politique-de-qualite\/","og_locale":"fr_FR","og_type":"article","og_title":"Politique de qualit\u00e9","og_description":"La direcci\u00f3n de INDUSTRIAS L\u00d3PEZ CABALLERO, S.A., tiene como objetivo prioritario mantener y aumentar su primac\u00eda en el sector de harinas preparadas ofreciendo para ello calidad, [\u2026]","og_url":"https:\/\/www.yolanda.es\/fr\/politique-de-qualite\/","og_site_name":"Yolanda","article_publisher":"http:\/\/www.facebook.com\/www.yolanda.es","article_modified_time":"2021-09-17T17:40:39+00:00","twitter_card":"summary_large_image","twitter_site":"@YolandaCocina","twitter_misc":{"Dur\u00e9e de lecture estim\u00e9e":"2 minutes"},"schema":{"@context":"https:\/\/schema.org","@graph":[{"@type":"WebPage","@id":"https:\/\/www.yolanda.es\/fr\/politique-de-qualite\/","url":"https:\/\/www.yolanda.es\/fr\/politique-de-qualite\/","name":"Politique de qualit\u00e9 | Yolanda","isPartOf":{"@id":"https:\/\/www.yolanda.es\/fr\/#website"},"datePublished":"2018-02-22T12:59:58+00:00","dateModified":"2021-09-17T17:40:39+00:00","breadcrumb":{"@id":"https:\/\/www.yolanda.es\/fr\/politique-de-qualite\/#breadcrumb"},"inLanguage":"fr-FR","potentialAction":[{"@type":"ReadAction","target":["https:\/\/www.yolanda.es\/fr\/politique-de-qualite\/"]}]},{"@type":"BreadcrumbList","@id":"https:\/\/www.yolanda.es\/fr\/politique-de-qualite\/#breadcrumb","itemListElement":[{"@type":"ListItem","position":1,"name":"Portada","item":"https:\/\/www.yolanda.es\/fr\/accueil\/"},{"@type":"ListItem","position":2,"name":"Politique de qualit\u00e9"}]},{"@type":"WebSite","@id":"https:\/\/www.yolanda.es\/fr\/#website","url":"https:\/\/www.yolanda.es\/fr\/","name":"Yolanda","description":"Para rebozar sin huevo y reposter\u00eda es \u00fanica","publisher":{"@id":"https:\/\/www.yolanda.es\/fr\/#organization"},"potentialAction":[{"@type":"SearchAction","target":{"@type":"EntryPoint","urlTemplate":"https:\/\/www.yolanda.es\/fr\/?s={search_term_string}"},"query-input":"required name=search_term_string"}],"inLanguage":"fr-FR"},{"@type":"Organization","@id":"https:\/\/www.yolanda.es\/fr\/#organization","name":"Yolanda","url":"https:\/\/www.yolanda.es\/fr\/","logo":{"@type":"ImageObject","inLanguage":"fr-FR","@id":"https:\/\/www.yolanda.es\/fr\/#\/schema\/logo\/image\/","url":"https:\/\/www.yolanda.es\/wp-content\/uploads\/2018\/05\/logo-footer.png","contentUrl":"https:\/\/www.yolanda.es\/wp-content\/uploads\/2018\/05\/logo-footer.png","width":179,"height":187,"caption":"Yolanda"},"image":{"@id":"https:\/\/www.yolanda.es\/fr\/#\/schema\/logo\/image\/"},"sameAs":["http:\/\/www.facebook.com\/www.yolanda.es","https:\/\/twitter.com\/YolandaCocina"]}]}},"_links":{"self":[{"href":"https:\/\/www.yolanda.es\/fr\/wp-json\/wp\/v2\/pages\/3594"}],"collection":[{"href":"https:\/\/www.yolanda.es\/fr\/wp-json\/wp\/v2\/pages"}],"about":[{"href":"https:\/\/www.yolanda.es\/fr\/wp-json\/wp\/v2\/types\/page"}],"author":[{"embeddable":true,"href":"https:\/\/www.yolanda.es\/fr\/wp-json\/wp\/v2\/users\/1"}],"replies":[{"embeddable":true,"href":"https:\/\/www.yolanda.es\/fr\/wp-json\/wp\/v2\/comments?post=3594"}],"version-history":[{"count":0,"href":"https:\/\/www.yolanda.es\/fr\/wp-json\/wp\/v2\/pages\/3594\/revisions"}],"wp:attachment":[{"href":"https:\/\/www.yolanda.es\/fr\/wp-json\/wp\/v2\/media?parent=3594"}],"curies":[{"name":"wp","href":"https:\/\/api.w.org\/{rel}","templated":true}]}}